{"id":13265,"date":"2025-07-27T17:29:02","date_gmt":"2025-07-27T17:29:02","guid":{"rendered":"https:\/\/apartamentyczeczotka.pl\/?page_id=13265"},"modified":"2026-03-31T13:27:06","modified_gmt":"2026-03-31T13:27:06","slug":"apartament-deluxe","status":"publish","type":"page","link":"https:\/\/apartamentyczeczotka.pl\/index.php\/czeczotka-palace-apartments\/pokoje\/apartament-deluxe\/","title":{"rendered":"Apartament Deluxe"},"content":{"rendered":"\n<div class=\"wp-block-group alignfull background\"><div class=\"wp-block-group__inner-container is-layout-constrained wp-block-group-is-layout-constrained\">\n<div style=\"height:6px\" aria-hidden=\"true\" class=\"wp-block-spacer\"><\/div>\n\n\n\n\t<section id=\"contentboxes-mb-block-18b9ea5d-323d-4068-8d0d-54c0c51e3c30\" class=\"section section-contentboxes  alignfull \">\n\n\t\t<div class=\"contentboxes-wrap six\"  >\n\t\t\t\t\t<div class=\"contentboxes-masonry \">\n\n\t\t\t\t<div class=\"grid-sizer-contentboxes\"><\/div>\n\n\t\t\t\t\n\t\t\t\t<div class=\"content-box-13572 contentboxes-image-wrap bg-image quarter-width square mobile-square   content-dark no-vertical-text no-content cb-mobile-content-leave cb-mobile-content-vertical-leave    \"   >\n\n\t\t\t\t\t<div class=\"contentboxes-image-wrap-inner\">\n\n\t\t\t\t\t\n\t\t\t\t\t\t<div class=\"contentboxes-zoom-wrap \">\n\t\t\t\t\t\t\n\t\t\t\t\t\t\t\t\t\t\t\t\t<div class=\"contentboxbgimage\" style=\"background-image: url(https:\/\/apartamentyczeczotka.pl\/wp-content\/uploads\/2025\/10\/Palac-Czeczotka-pokoj-nr-9-3-1600x1163.jpg);\"><\/div> \n\t\t\t\t\t\t\t\t\t\t\t\t<div class=\"contentbox-overlay   gradient-contentboxes-content-middle\" >\n\t\t\t\t\t\t\n\t\t\t\t\t\t\t<div class=\"contentboxes-content-wrap centered-content contentboxes-content-right contentboxes-content-middle\"  >\n\n\t\t\t\t\t\t\t\t\n\t\t\t\t\t\t\t\t\t\t\t\t\t\t<\/div>\n\t\t\t\t\t\t\t\t\t\t\t\t\t\n\t\t\t\t\t\t<\/div>\n\t\t\t\t\t<\/div>\n\t\t\t\t\t<\/div>\n\n\t\t\t\t\t\t   \t \n\t\t\t\t<\/div>\n\t\t\t\t\t\n\t\t\t\n\t\t\t\t<div class=\"content-box-13574 contentboxes-image-wrap bg-image quarter-width one-and-a-half-height mobile-uncropped    no-vertical-text no-content cb-mobile-content-leave cb-mobile-content-vertical-leave    \"   >\n\n\t\t\t\t\t<div class=\"contentboxes-image-wrap-inner\">\n\n\t\t\t\t\t\n\t\t\t\t\t\t<div class=\"contentboxes-zoom-wrap \">\n\t\t\t\t\t\t\n\t\t\t\t\t\t\t\t\t\t\t\t\t<div class=\"contentboxbgimage\" style=\"background-image: url(https:\/\/apartamentyczeczotka.pl\/wp-content\/uploads\/2025\/10\/Palac-Czeczotka-pokoj-nr-9-6.jpg);\"><\/div> \n\t\t\t\t\t\t\t\t\t\t\t\t<div class=\"contentbox-overlay   gradient-contentboxes-content-middle\" >\n\t\t\t\t\t\t\n\t\t\t\t\t\t\t<div class=\"contentboxes-content-wrap centered-content  contentboxes-content-middle\"  >\n\n\t\t\t\t\t\t\t\t\n\t\t\t\t\t\t\t\t\t\t\t\t\t\t<\/div>\n\t\t\t\t\t\t\t\t\t\t\t\t\t\n\t\t\t\t\t\t<\/div>\n\t\t\t\t\t<\/div>\n\t\t\t\t\t<\/div>\n\n\t\t\t\t\t\t   \t \n\t\t\t\t<\/div>\n\t\t\t\t\t\n\t\t\t\n\t\t\t\t<div class=\"content-box- contentboxes-image-wrap bg-none half-width square mobile-uncropped    no-vertical-text has-content cb-mobile-content-leave cb-mobile-content-vertical-leave    \"   >\n\n\t\t\t\t\t<div class=\"contentboxes-image-wrap-inner\">\n\n\t\t\t\t\t\n\t\t\t\t\t\t<div class=\"contentboxes-zoom-wrap \">\n\t\t\t\t\t\t\n\t\t\t\t\t\t\n\t\t\t\t\t\t\n\t\t\t\t\t\t\t<div class=\"contentboxes-content-wrap centered-content contentboxes-content-left contentboxes-content-top\"  >\n\n\t\t\t\t\t\t\t\t\t\t\t\t\t\t\t\t<div class=\"contentboxes-content section-content\">\n\t\t\t\t\t\t\t\t\t\t\t\t\t\t\t\t\t\t\t\t\t\t\t\t\t\t\t\t<div class=\"contentboxes-content-item contentboxes-subtitle subtitle-above use-body-font\"  >Cena: 1500 PLN\/pok\u00f3j<\/div>\n\t\t\t\t\t\t\t\t\t\t\t\t\t\t\t\t\t\t\t\t\t\t\t\t\t                \t<h2  class=\"contentboxes-content-item contentboxes-title\"  >Apartament Deluxe<\/h2>\n\t\t\t\t\t\t\t                \t\t\t\t\t\t\t                \t\t\t\t\t\t\t                \t\t\t\t\t\t\t                \t<div class=\"contentboxes-content-item contentboxes-text\"  >Luksusowy Apartament Deluxe z jacuzzi to przestrze\u0144 stworzona z my\u015bl\u0105 o wyj\u0105tkowych chwilach relaksu i komfortu na najwy\u017cszym poziomie. Eleganckie wn\u0119trze, starannie dobrane detale oraz prywatne jacuzzi w pokoju tworz\u0105 niepowtarzaln\u0105 atmosfer\u0119, idealn\u0105 zar\u00f3wno na romantyczny wyjazd, jak i ekskluzywny pobyt dla dwojga.\r\n\r\n<ul>Opis apartamentu:\r\n<li>przestronny uk\u0142ad z wydzielon\u0105 stref\u0105 wypoczynkow\u0105 i sypialnian\u0105,<\/li>\r\n<li>du\u017ce, wygodne \u0142\u00f3\u017cko typu twin,<\/li>\r\n<li>jacuzzi z hydromasa\u017cem umieszczone bezpo\u015brednio w przestrzeni apartamentu \u2013 idealne na relaks o ka\u017cdej porze dnia,<\/li>\r\n<li>okna dachowe widokiem na Rynek G\u0142\u00f3wny,<\/li>\r\n<li>prywatna \u0142azienka z prysznicem typu walk-in, mi\u0119kkimi r\u0119cznikami i luksusowymi kosmetykami,<\/li>\r\n<li>minibar, ekspres do kawy, zestaw do herbaty,<\/li>\r\n<li>telewizor z p\u0142askim ekranem i dost\u0119pem do serwis\u00f3w streamingowych,<\/li>\r\n<li>szybkie Wi-Fi, klimatyzacja, sejf, zestaw powitalny (np. wino lub \u015bwie\u017ce owoce \u2013 opcjonalnie).<\/li><\/ul>\r\n\r\nApartament Deluxe z jacuzzi to wyb\u00f3r dla tych, kt\u00f3rzy oczekuj\u0105 wi\u0119cej \u2013 przestrzeni, komfortu i niezapomnianych wra\u017ce\u0144. Idealny na rocznic\u0119, podr\u00f3\u017c po\u015blubn\u0105, wyj\u0105tkow\u0105 niespodziank\u0119 lub ekskluzywny\u00a0wypoczynek.\r\n<br>Powerzchnia apartamentu: 77m<span class=\"sup\">2<\/span>.\r\n\r\n<div class=\"be-panel\"><\/div><\/div>\n\t\t\t\t\t\t\t                \t\t\t\t\t\t\t                \t\t\t\t\t\t        \t<\/div>\n\t\t\t\t\t\t        \t\n\t\t\t\t\t\t\t\t\t\t\t\t\t\n\t\t\t\t\t\t<\/div>\n\t\t\t\t\t<\/div>\n\t\t\t\t\t<\/div>\n\n\t\t\t\t\t\t   \t \n\t\t\t\t<\/div>\n\t\t\t\t\t\n\t\t\t\n\t\t\t\t<div class=\"content-box-13576 contentboxes-image-wrap bg-image quarter-width one-and-a-half-height mobile-uncropped    no-vertical-text no-content cb-mobile-content-leave cb-mobile-content-vertical-leave    \"   >\n\n\t\t\t\t\t<div class=\"contentboxes-image-wrap-inner\">\n\n\t\t\t\t\t\n\t\t\t\t\t\t<div class=\"contentboxes-zoom-wrap \">\n\t\t\t\t\t\t\n\t\t\t\t\t\t\t\t\t\t\t\t\t<div class=\"contentboxbgimage\" style=\"background-image: url(https:\/\/apartamentyczeczotka.pl\/wp-content\/uploads\/2025\/10\/Palac-Czeczotka-pokoj-nr-9-15.jpg);\"><\/div> \n\t\t\t\t\t\t\t\t\t\t\t\t<div class=\"contentbox-overlay   gradient-contentboxes-content-middle\" >\n\t\t\t\t\t\t\n\t\t\t\t\t\t\t<div class=\"contentboxes-content-wrap centered-content  contentboxes-content-middle\"  >\n\n\t\t\t\t\t\t\t\t\n\t\t\t\t\t\t\t\t\t\t\t\t\t\t<\/div>\n\t\t\t\t\t\t\t\t\t\t\t\t\t\n\t\t\t\t\t\t<\/div>\n\t\t\t\t\t<\/div>\n\t\t\t\t\t<\/div>\n\n\t\t\t\t\t\t   \t \n\t\t\t\t<\/div>\n\t\t\t\t\t\n\t\t\t\n\t\t\t\t<div class=\"content-box-13573 contentboxes-image-wrap bg-image quarter-width square mobile-uncropped    no-vertical-text no-content cb-mobile-content-leave cb-mobile-content-vertical-leave    \"   >\n\n\t\t\t\t\t<div class=\"contentboxes-image-wrap-inner\">\n\n\t\t\t\t\t\n\t\t\t\t\t\t<div class=\"contentboxes-zoom-wrap \">\n\t\t\t\t\t\t\n\t\t\t\t\t\t\t\t\t\t\t\t\t<div class=\"contentboxbgimage\" style=\"background-image: url(https:\/\/apartamentyczeczotka.pl\/wp-content\/uploads\/2025\/10\/Palac-Czeczotka-pokoj-nr-9-5-1600x1155.jpg);\"><\/div> \n\t\t\t\t\t\t\t\t\t\t\t\t<div class=\"contentbox-overlay   gradient-contentboxes-content-middle\" >\n\t\t\t\t\t\t\n\t\t\t\t\t\t\t<div class=\"contentboxes-content-wrap centered-content  contentboxes-content-middle\"  >\n\n\t\t\t\t\t\t\t\t\n\t\t\t\t\t\t\t\t\t\t\t\t\t\t<\/div>\n\t\t\t\t\t\t\t\t\t\t\t\t\t\n\t\t\t\t\t\t<\/div>\n\t\t\t\t\t<\/div>\n\t\t\t\t\t<\/div>\n\n\t\t\t\t\t\t   \t \n\t\t\t\t<\/div>\n\t\t\t\t\t\n\t\t\t\t\t\t<\/div>\n\t\t\t\t<\/div>\n\n\t<\/section> \n\n\n\n\n<div style=\"height:6px\" aria-hidden=\"true\" class=\"wp-block-spacer\"><\/div>\n<\/div><\/div>\n","protected":false},"excerpt":{"rendered":"","protected":false},"author":1,"featured_media":0,"parent":13248,"menu_order":0,"comment_status":"closed","ping_status":"closed","template":"","meta":{"footnotes":""},"class_list":["post-13265","page","type-page","status-publish","hentry"],"_links":{"self":[{"href":"https:\/\/apartamentyczeczotka.pl\/index.php\/wp-json\/wp\/v2\/pages\/13265","targetHints":{"allow":["GET"]}}],"collection":[{"href":"https:\/\/apartamentyczeczotka.pl\/index.php\/wp-json\/wp\/v2\/pages"}],"about":[{"href":"https:\/\/apartamentyczeczotka.pl\/index.php\/wp-json\/wp\/v2\/types\/page"}],"author":[{"embeddable":true,"href":"https:\/\/apartamentyczeczotka.pl\/index.php\/wp-json\/wp\/v2\/users\/1"}],"replies":[{"embeddable":true,"href":"https:\/\/apartamentyczeczotka.pl\/index.php\/wp-json\/wp\/v2\/comments?post=13265"}],"version-history":[{"count":17,"href":"https:\/\/apartamentyczeczotka.pl\/index.php\/wp-json\/wp\/v2\/pages\/13265\/revisions"}],"predecessor-version":[{"id":13651,"href":"https:\/\/apartamentyczeczotka.pl\/index.php\/wp-json\/wp\/v2\/pages\/13265\/revisions\/13651"}],"up":[{"embeddable":true,"href":"https:\/\/apartamentyczeczotka.pl\/index.php\/wp-json\/wp\/v2\/pages\/13248"}],"wp:attachment":[{"href":"https:\/\/apartamentyczeczotka.pl\/index.php\/wp-json\/wp\/v2\/media?parent=13265"}],"curies":[{"name":"wp","href":"https:\/\/api.w.org\/{rel}","templated":true}]}}