{"id":13267,"date":"2025-07-27T17:28:12","date_gmt":"2025-07-27T17:28:12","guid":{"rendered":"https:\/\/apartamentyczeczotka.pl\/?page_id=13267"},"modified":"2026-03-31T13:27:45","modified_gmt":"2026-03-31T13:27:45","slug":"pokoj-standard","status":"publish","type":"page","link":"https:\/\/apartamentyczeczotka.pl\/index.php\/czeczotka-palace-apartments\/pokoje\/pokoj-standard\/","title":{"rendered":"Pok\u00f3j Standard"},"content":{"rendered":"\n<div class=\"wp-block-group alignfull background\"><div class=\"wp-block-group__inner-container is-layout-constrained wp-block-group-is-layout-constrained\">\n<div style=\"height:6px\" aria-hidden=\"true\" class=\"wp-block-spacer\"><\/div>\n\n\n\n\t<section id=\"contentboxes-mb-block-ca7359df-9ffd-47a8-bc2c-0a20d50104e2\" class=\"section section-contentboxes  alignfull \">\n\n\t\t<div class=\"contentboxes-wrap six\"  >\n\t\t\t\t\t<div class=\"contentboxes-masonry \">\n\n\t\t\t\t<div class=\"grid-sizer-contentboxes\"><\/div>\n\n\t\t\t\t\n\t\t\t\t<div class=\"content-box-13559 contentboxes-image-wrap bg-image quarter-width one-and-a-half-height mobile-square   content-dark no-vertical-text no-content cb-mobile-content-leave cb-mobile-content-vertical-leave    \"   >\n\n\t\t\t\t\t<div class=\"contentboxes-image-wrap-inner\">\n\n\t\t\t\t\t\n\t\t\t\t\t\t<div class=\"contentboxes-zoom-wrap \">\n\t\t\t\t\t\t\n\t\t\t\t\t\t\t\t\t\t\t\t\t<div class=\"contentboxbgimage\" style=\"background-image: url(https:\/\/apartamentyczeczotka.pl\/wp-content\/uploads\/2025\/10\/Palac-Czeczotka-pokoj-nr-4-1.jpg);\"><\/div> \n\t\t\t\t\t\t\t\t\t\t\t\t<div class=\"contentbox-overlay   gradient-contentboxes-content-middle\" >\n\t\t\t\t\t\t\n\t\t\t\t\t\t\t<div class=\"contentboxes-content-wrap centered-content contentboxes-content-right contentboxes-content-middle\"  >\n\n\t\t\t\t\t\t\t\t\n\t\t\t\t\t\t\t\t\t\t\t\t\t\t<\/div>\n\t\t\t\t\t\t\t\t\t\t\t\t\t\n\t\t\t\t\t\t<\/div>\n\t\t\t\t\t<\/div>\n\t\t\t\t\t<\/div>\n\n\t\t\t\t\t\t   \t \n\t\t\t\t<\/div>\n\t\t\t\t\t\n\t\t\t\n\t\t\t\t<div class=\"content-box-13583 contentboxes-image-wrap bg-image quarter-width square mobile-uncropped    no-vertical-text no-content cb-mobile-content-leave cb-mobile-content-vertical-leave    \"   >\n\n\t\t\t\t\t<div class=\"contentboxes-image-wrap-inner\">\n\n\t\t\t\t\t\n\t\t\t\t\t\t<div class=\"contentboxes-zoom-wrap \">\n\t\t\t\t\t\t\n\t\t\t\t\t\t\t\t\t\t\t\t\t<div class=\"contentboxbgimage\" style=\"background-image: url(https:\/\/apartamentyczeczotka.pl\/wp-content\/uploads\/2025\/10\/Palac-Czeczotka-pokoj-nr-11-4-1600x1155.jpg);\"><\/div> \n\t\t\t\t\t\t\t\t\t\t\t\t<div class=\"contentbox-overlay   gradient-contentboxes-content-middle\" >\n\t\t\t\t\t\t\n\t\t\t\t\t\t\t<div class=\"contentboxes-content-wrap centered-content  contentboxes-content-middle\"  >\n\n\t\t\t\t\t\t\t\t\n\t\t\t\t\t\t\t\t\t\t\t\t\t\t<\/div>\n\t\t\t\t\t\t\t\t\t\t\t\t\t\n\t\t\t\t\t\t<\/div>\n\t\t\t\t\t<\/div>\n\t\t\t\t\t<\/div>\n\n\t\t\t\t\t\t   \t \n\t\t\t\t<\/div>\n\t\t\t\t\t\n\t\t\t\n\t\t\t\t<div class=\"content-box- contentboxes-image-wrap bg-none half-width square mobile-uncropped    no-vertical-text has-content cb-mobile-content-leave cb-mobile-content-vertical-leave    \"   >\n\n\t\t\t\t\t<div class=\"contentboxes-image-wrap-inner\">\n\n\t\t\t\t\t\n\t\t\t\t\t\t<div class=\"contentboxes-zoom-wrap \">\n\t\t\t\t\t\t\n\t\t\t\t\t\t\n\t\t\t\t\t\t\n\t\t\t\t\t\t\t<div class=\"contentboxes-content-wrap centered-content contentboxes-content-left contentboxes-content-top\"  >\n\n\t\t\t\t\t\t\t\t\t\t\t\t\t\t\t\t<div class=\"contentboxes-content section-content\">\n\t\t\t\t\t\t\t\t\t\t\t\t\t\t\t\t\t\t\t\t\t\t\t\t\t\t\t\t<div class=\"contentboxes-content-item contentboxes-subtitle subtitle-above use-body-font\"  >Cena: 700 PLN\/pok\u00f3j<\/div>\n\t\t\t\t\t\t\t\t\t\t\t\t\t\t\t\t\t\t\t\t\t\t\t\t\t                \t<h2  class=\"contentboxes-content-item contentboxes-title\"  >Pok\u00f3j Standard<\/h2>\n\t\t\t\t\t\t\t                \t\t\t\t\t\t\t                \t\t\t\t\t\t\t                \t\t\t\t\t\t\t                \t<div class=\"contentboxes-content-item contentboxes-text\"  >Funkcjonalny i przytulny pok\u00f3j dwuosobowy typu Standard to idealne rozwi\u0105zanie na kr\u00f3tki wypoczynek. Komfortowe wyposa\u017cenie oraz dobrze zaprojektowana przestrze\u0144 zapewniaj\u0105 wszystko, co niezb\u0119dne do udanego pobytu.\r\n\r\n<ul>Wyposa\u017cenie pokoju:\r\n<li>wygodne podw\u00f3jne \u0142\u00f3\u017cko,<\/li>\r\n<li>biurko z krzes\u0142em \u2013 idealne do pracy lub nauki,<\/li>\r\n<li>telewizor z p\u0142askim ekranem i dost\u0119pem do kana\u0142\u00f3w kablowych\/satelitarnych,<\/li>\r\n<li>bezp\u0142atny dost\u0119p do Wi-Fi,<\/li>\r\n<li>klimatyzacja,<\/li>\r\n<li>zestaw do parzenia kawy i herbaty (opcjonalnie),<\/li>\r\n<li>szafa lub wieszak na odzie\u017c,<\/li>\r\n<li>sejf.<\/li><\/ul>\r\n\r\n<ul>\u0141azienka:\r\n<li>prywatna \u0142azienka z kabin\u0105 prysznicow\u0105 lub wanna,<\/li>\r\n<li>komplet r\u0119cznik\u00f3w, suszarka do w\u0142os\u00f3w, zestaw podstawowych kosmetyk\u00f3w.<\/li><\/ul>\r\n\r\nPok\u00f3j Standard to idealny wyb\u00f3r dla go\u015bci ceni\u0105cych wygod\u0119, spok\u00f3j i korzystny stosunek jako\u015bci do ceny \u2013 bez\u00a0kompromis\u00f3w.<br>Powerzchnia pokoi: 19m<span class=\"sup\">2<\/span> \u2013 20m<span class=\"sup\">2<\/span>.\r\n\r\n<div class=\"be-panel\"><\/div><\/div>\n\t\t\t\t\t\t\t                \t\t\t\t\t\t\t                \t\t\t\t\t\t        \t<\/div>\n\t\t\t\t\t\t        \t\n\t\t\t\t\t\t\t\t\t\t\t\t\t\n\t\t\t\t\t\t<\/div>\n\t\t\t\t\t<\/div>\n\t\t\t\t\t<\/div>\n\n\t\t\t\t\t\t   \t \n\t\t\t\t<\/div>\n\t\t\t\t\t\n\t\t\t\n\t\t\t\t<div class=\"content-box-13581 contentboxes-image-wrap bg-image quarter-width one-and-a-half-height mobile-uncropped    no-vertical-text no-content cb-mobile-content-leave cb-mobile-content-vertical-leave    \"   >\n\n\t\t\t\t\t<div class=\"contentboxes-image-wrap-inner\">\n\n\t\t\t\t\t\n\t\t\t\t\t\t<div class=\"contentboxes-zoom-wrap \">\n\t\t\t\t\t\t\n\t\t\t\t\t\t\t\t\t\t\t\t\t<div class=\"contentboxbgimage\" style=\"background-image: url(https:\/\/apartamentyczeczotka.pl\/wp-content\/uploads\/2025\/10\/Palac-Czeczotka-pokoj-nr-11-2.jpg);\"><\/div> \n\t\t\t\t\t\t\t\t\t\t\t\t<div class=\"contentbox-overlay   gradient-contentboxes-content-middle\" >\n\t\t\t\t\t\t\n\t\t\t\t\t\t\t<div class=\"contentboxes-content-wrap centered-content  contentboxes-content-middle\"  >\n\n\t\t\t\t\t\t\t\t\n\t\t\t\t\t\t\t\t\t\t\t\t\t\t<\/div>\n\t\t\t\t\t\t\t\t\t\t\t\t\t\n\t\t\t\t\t\t<\/div>\n\t\t\t\t\t<\/div>\n\t\t\t\t\t<\/div>\n\n\t\t\t\t\t\t   \t \n\t\t\t\t<\/div>\n\t\t\t\t\t\n\t\t\t\n\t\t\t\t<div class=\"content-box-13582 contentboxes-image-wrap bg-image quarter-width square mobile-uncropped    no-vertical-text no-content cb-mobile-content-leave cb-mobile-content-vertical-leave    \"   >\n\n\t\t\t\t\t<div class=\"contentboxes-image-wrap-inner\">\n\n\t\t\t\t\t\n\t\t\t\t\t\t<div class=\"contentboxes-zoom-wrap \">\n\t\t\t\t\t\t\n\t\t\t\t\t\t\t\t\t\t\t\t\t<div class=\"contentboxbgimage\" style=\"background-image: url(https:\/\/apartamentyczeczotka.pl\/wp-content\/uploads\/2025\/10\/Palac-Czeczotka-pokoj-nr-11-3-1600x1155.jpg);\"><\/div> \n\t\t\t\t\t\t\t\t\t\t\t\t<div class=\"contentbox-overlay   gradient-contentboxes-content-middle\" >\n\t\t\t\t\t\t\n\t\t\t\t\t\t\t<div class=\"contentboxes-content-wrap centered-content  contentboxes-content-middle\"  >\n\n\t\t\t\t\t\t\t\t\n\t\t\t\t\t\t\t\t\t\t\t\t\t\t<\/div>\n\t\t\t\t\t\t\t\t\t\t\t\t\t\n\t\t\t\t\t\t<\/div>\n\t\t\t\t\t<\/div>\n\t\t\t\t\t<\/div>\n\n\t\t\t\t\t\t   \t \n\t\t\t\t<\/div>\n\t\t\t\t\t\n\t\t\t\t\t\t<\/div>\n\t\t\t\t<\/div>\n\n\t<\/section> \n\n\n\n\n<div style=\"height:6px\" aria-hidden=\"true\" class=\"wp-block-spacer\"><\/div>\n<\/div><\/div>\n","protected":false},"excerpt":{"rendered":"","protected":false},"author":1,"featured_media":0,"parent":13248,"menu_order":0,"comment_status":"closed","ping_status":"closed","template":"","meta":{"footnotes":""},"class_list":["post-13267","page","type-page","status-publish","hentry"],"_links":{"self":[{"href":"https:\/\/apartamentyczeczotka.pl\/index.php\/wp-json\/wp\/v2\/pages\/13267","targetHints":{"allow":["GET"]}}],"collection":[{"href":"https:\/\/apartamentyczeczotka.pl\/index.php\/wp-json\/wp\/v2\/pages"}],"about":[{"href":"https:\/\/apartamentyczeczotka.pl\/index.php\/wp-json\/wp\/v2\/types\/page"}],"author":[{"embeddable":true,"href":"https:\/\/apartamentyczeczotka.pl\/index.php\/wp-json\/wp\/v2\/users\/1"}],"replies":[{"embeddable":true,"href":"https:\/\/apartamentyczeczotka.pl\/index.php\/wp-json\/wp\/v2\/comments?post=13267"}],"version-history":[{"count":14,"href":"https:\/\/apartamentyczeczotka.pl\/index.php\/wp-json\/wp\/v2\/pages\/13267\/revisions"}],"predecessor-version":[{"id":13653,"href":"https:\/\/apartamentyczeczotka.pl\/index.php\/wp-json\/wp\/v2\/pages\/13267\/revisions\/13653"}],"up":[{"embeddable":true,"href":"https:\/\/apartamentyczeczotka.pl\/index.php\/wp-json\/wp\/v2\/pages\/13248"}],"wp:attachment":[{"href":"https:\/\/apartamentyczeczotka.pl\/index.php\/wp-json\/wp\/v2\/media?parent=13267"}],"curies":[{"name":"wp","href":"https:\/\/api.w.org\/{rel}","templated":true}]}}